{"id":2847,"date":"2024-05-01T13:42:30","date_gmt":"2024-05-01T17:42:30","guid":{"rendered":"https:\/\/www.caapgim.com\/useful-links-2024\/"},"modified":"2024-07-10T08:27:54","modified_gmt":"2024-07-10T12:27:54","slug":"useful-links","status":"publish","type":"page","link":"https:\/\/www.caapgim.com\/en\/useful-links\/","title":{"rendered":"Useful links"},"content":{"rendered":"<p>[et_pb_section fb_built=&#8221;1&#8243; custom_padding_last_edited=&#8221;on|desktop&#8221; _builder_version=&#8221;4.25.0&#8243; _module_preset=&#8221;default&#8221; background_color=&#8221;#78cade&#8221; use_background_color_gradient=&#8221;on&#8221; background_color_gradient_direction=&#8221;90deg&#8221; background_color_gradient_stops=&#8221;#1b4984 0%|#78cade 76%&#8221; custom_padding=&#8221;4%||3%||false|false&#8221; custom_padding_tablet=&#8221;4%||3%||false|false&#8221; custom_padding_phone=&#8221;4%||3%||false|false&#8221; global_colors_info=&#8221;{}&#8221;][et_pb_row _builder_version=&#8221;4.25.0&#8243; _module_preset=&#8221;default&#8221; global_colors_info=&#8221;{}&#8221;][et_pb_column type=&#8221;4_4&#8243; _builder_version=&#8221;4.25.0&#8243; _module_preset=&#8221;default&#8221; global_colors_info=&#8221;{}&#8221;][et_pb_post_title meta=&#8221;off&#8221; featured_image=&#8221;off&#8221; _builder_version=&#8221;4.25.0&#8243; _module_preset=&#8221;default&#8221; title_font=&#8221;|700|||||||&#8221; title_text_align=&#8221;center&#8221; title_text_color=&#8221;#FFFFFF&#8221; title_font_size_tablet=&#8221;35px&#8221; title_font_size_phone=&#8221;25px&#8221; title_font_size_last_edited=&#8221;on|phone&#8221; global_colors_info=&#8221;{}&#8221;][\/et_pb_post_title][\/et_pb_column][\/et_pb_row][\/et_pb_section][et_pb_section fb_built=&#8221;1&#8243; _builder_version=&#8221;4.25.0&#8243; _module_preset=&#8221;default&#8221; custom_padding=&#8221;2%||2%||true|false&#8221; global_colors_info=&#8221;{}&#8221;][et_pb_row custom_padding_last_edited=&#8221;off|desktop&#8221; admin_label=&#8221;Text Area&#8221; _builder_version=&#8221;4.16&#8243; custom_padding=&#8221;|||&#8221; custom_padding_tablet=&#8221;100px||50px|&#8221; global_colors_info=&#8221;{}&#8221;][et_pb_column type=&#8221;4_4&#8243; _builder_version=&#8221;4.16&#8243; custom_padding=&#8221;|||&#8221; global_colors_info=&#8221;{}&#8221; custom_padding__hover=&#8221;|||&#8221;][et_pb_text _builder_version=&#8221;4.25.0&#8243; text_font=&#8221;Montserrat|300|||||||&#8221; text_line_height=&#8221;1.8em&#8221; ul_font=&#8221;||||||||&#8221; ol_font=&#8221;||||||||&#8221; header_font=&#8221;||||||||&#8221; header_2_font=&#8221;Montserrat|300|||||||&#8221; header_2_font_size=&#8221;30px&#8221; header_2_line_height=&#8221;1.5em&#8221; text_orientation=&#8221;center&#8221; module_alignment=&#8221;center&#8221; custom_margin=&#8221;|||&#8221; custom_margin_tablet=&#8221;0px|50px||50px&#8221; custom_margin_last_edited=&#8221;off|desktop&#8221; custom_padding=&#8221;|||&#8221; text_line_height_tablet=&#8221;1.8em&#8221; text_line_height_phone=&#8221;1.8em&#8221; text_line_height_last_edited=&#8221;off|desktop&#8221; header_2_font_size_tablet=&#8221;25px&#8221; header_2_font_size_phone=&#8221;20px&#8221; header_2_font_size_last_edited=&#8221;on|phone&#8221; global_colors_info=&#8221;{}&#8221;]<\/p>\n<h2>CAAPs in Quebec<\/h2>\n<p>[\/et_pb_text][\/et_pb_column][\/et_pb_row][\/et_pb_section][et_pb_section fb_built=&#8221;1&#8243; _builder_version=&#8221;4.25.0&#8243; background_color=&#8221;#F1F5F7&#8243; border_radii=&#8221;off||21vw||&#8221; border_radii_tablet=&#8221;off||21vw||&#8221; border_radii_phone=&#8221;off||0vw||&#8221; border_radii_last_edited=&#8221;on|desktop&#8221; global_colors_info=&#8221;{}&#8221;][et_pb_row _builder_version=&#8221;4.16&#8243; background_size=&#8221;initial&#8221; background_position=&#8221;top_left&#8221; background_repeat=&#8221;repeat&#8221; global_colors_info=&#8221;{}&#8221;][et_pb_column type=&#8221;4_4&#8243; _builder_version=&#8221;4.16&#8243; custom_padding=&#8221;|||&#8221; global_colors_info=&#8221;{}&#8221; custom_padding__hover=&#8221;|||&#8221;][et_pb_text _builder_version=&#8221;4.25.1&#8243; header_3_text_color=&#8221;#ED6B4B&#8221; header_3_font_size=&#8221;25px&#8221; hover_enabled=&#8221;0&#8243; border_style=&#8221;solid&#8221; global_colors_info=&#8221;{}&#8221; header_3_text_align=&#8221;center&#8221; sticky_enabled=&#8221;0&#8243;]<\/p>\n<h3>Toll-free numbers :<\/h3>\n<p>[\/et_pb_text][\/et_pb_column][\/et_pb_row][et_pb_row column_structure=&#8221;1_2,1_2&#8243; _builder_version=&#8221;4.25.1&#8243; background_size=&#8221;initial&#8221; background_position=&#8221;top_left&#8221; background_repeat=&#8221;repeat&#8221; hover_enabled=&#8221;0&#8243; global_colors_info=&#8221;{}&#8221; max_width_last_edited=&#8221;on|desktop&#8221; max_width=&#8221;700px&#8221; sticky_enabled=&#8221;0&#8243; max_width_tablet=&#8221;700px&#8221; max_width_phone=&#8221;700px&#8221;][et_pb_column type=&#8221;1_2&#8243; _builder_version=&#8221;4.16&#8243; custom_padding=&#8221;|||&#8221; global_colors_info=&#8221;{}&#8221; custom_padding__hover=&#8221;|||&#8221;][et_pb_blurb title=&#8221;1 877 767-2227&#8243; use_icon=&#8221;on&#8221; font_icon=&#8221;&#xe090;||divi||400&#8243; icon_color=&#8221;#ED6B4B&#8221; image_icon_background_color=&#8221;#FFFFFF&#8221; icon_placement=&#8221;left&#8221; image_icon_width=&#8221;29px&#8221; image_icon_width_tablet=&#8221;29px&#8221; image_icon_width_phone=&#8221;29px&#8221; image_icon_width_last_edited=&#8221;on|desktop&#8221; _builder_version=&#8221;4.25.0&#8243; _module_preset=&#8221;default&#8221; header_font_size=&#8221;25px&#8221; image_icon_custom_margin=&#8221;-9px||||false|false&#8221; image_icon_custom_padding=&#8221;8px|8px|8px|8px|true|true&#8221; border_radii_image=&#8221;on|50px|50px|50px|50px&#8221; global_colors_info=&#8221;{}&#8221; border_radii__hover_enabled=&#8221;on|desktop&#8221;][\/et_pb_blurb][\/et_pb_column][et_pb_column type=&#8221;1_2&#8243; _builder_version=&#8221;4.16&#8243; custom_padding=&#8221;|||&#8221; global_colors_info=&#8221;{}&#8221; custom_padding__hover=&#8221;|||&#8221;][et_pb_blurb title=&#8221;1 866 574-0227&#8243; use_icon=&#8221;on&#8221; font_icon=&#8221;&#xe090;||divi||400&#8243; icon_color=&#8221;#ED6B4B&#8221; image_icon_background_color=&#8221;#FFFFFF&#8221; icon_placement=&#8221;left&#8221; image_icon_width=&#8221;29px&#8221; image_icon_width_tablet=&#8221;29px&#8221; image_icon_width_phone=&#8221;29px&#8221; image_icon_width_last_edited=&#8221;on|desktop&#8221; _builder_version=&#8221;4.25.1&#8243; _module_preset=&#8221;default&#8221; header_font_size=&#8221;25px&#8221; image_icon_custom_margin=&#8221;-9px||||false|false&#8221; image_icon_custom_padding=&#8221;8px|8px|8px|8px|true|true&#8221; hover_enabled=&#8221;0&#8243; border_radii_image=&#8221;on|50px|50px|50px|50px&#8221; global_colors_info=&#8221;{}&#8221; border_radii__hover_enabled=&#8221;on|desktop&#8221; sticky_enabled=&#8221;0&#8243;][\/et_pb_blurb][\/et_pb_column][\/et_pb_row][\/et_pb_section][et_pb_section fb_built=&#8221;1&#8243; _builder_version=&#8221;4.25.0&#8243; global_colors_info=&#8221;{}&#8221;][et_pb_row column_structure=&#8221;1_2,1_2&#8243; _builder_version=&#8221;4.16&#8243; background_size=&#8221;initial&#8221; background_position=&#8221;top_left&#8221; background_repeat=&#8221;repeat&#8221; global_colors_info=&#8221;{}&#8221;][et_pb_column type=&#8221;1_2&#8243; _builder_version=&#8221;4.16&#8243; custom_padding=&#8221;|||&#8221; global_colors_info=&#8221;{}&#8221; custom_padding__hover=&#8221;|||&#8221;][et_pb_text _builder_version=&#8221;4.25.0&#8243; text_font=&#8221;|600|||||||&#8221; text_font_size=&#8221;22px&#8221; custom_padding=&#8221;||55px|||&#8221; border_style=&#8221;solid&#8221; global_colors_info=&#8221;{}&#8221;]<\/p>\n<p><a href=\"http:\/\/www.caapat.com\" target=\"_blank\" rel=\"noopener noreferrer\">CAAP \u2013 Abitibi-T\u00e9miscamingue<\/a><\/p>\n<p><a href=\"http:\/\/www.caapbsl.org\" target=\"_blank\" rel=\"noopener noreferrer\">CAAP \u2013 Bas-Saint-Laurent<\/a><\/p>\n<p><a href=\"http:\/\/www.caap-capitalenationale.org\" target=\"_blank\" rel=\"noopener noreferrer\">CAAP \u2013 Capitale\u2013 Nationale<\/a><\/p>\n<p><a href=\"http:\/\/caapca.ca\" target=\"_blank\" rel=\"noopener noreferrer\">CAAP \u2013 Chaudi\u00e8re-Appalaches<\/a><\/p>\n<p><a href=\"http:\/\/www.caap-cn.org\" target=\"_blank\" rel=\"noopener noreferrer\">CAAP \u2013 C\u00f4te-Nord<\/a><\/p>\n<p><a href=\"http:\/\/www.caapestrie.org\" target=\"_blank\" rel=\"noopener noreferrer\">CAAP \u2013 Estrie<\/a><\/p>\n<p><a href=\"https:\/\/www.caapgim.com\/en\/\" target=\"_blank\" rel=\"noopener noreferrer\">CAAP \u2013 Gasp\u00e9sie \u2013 \u00celes-de-la-Madeleine<\/a><\/p>\n<p><a href=\"http:\/\/www.caapidm.ca\" target=\"_blank\" rel=\"noopener noreferrer\">CAAP \u2013 \u00cele de Montr\u00e9al<\/a><\/p>\n<p><a href=\"http:\/\/www.caaplanaudiere.com\" target=\"_blank\" rel=\"noopener noreferrer\">CAAP \u2013 Lanaudi\u00e8re <\/a><\/p>\n<p>[\/et_pb_text][\/et_pb_column][et_pb_column type=&#8221;1_2&#8243; _builder_version=&#8221;4.16&#8243; custom_padding=&#8221;|||&#8221; global_colors_info=&#8221;{}&#8221; custom_padding__hover=&#8221;|||&#8221;][et_pb_text _builder_version=&#8221;4.25.0&#8243; text_font=&#8221;|600|||||||&#8221; text_font_size=&#8221;22px&#8221; custom_padding=&#8221;||55px|||&#8221; border_style=&#8221;solid&#8221; global_colors_info=&#8221;{}&#8221;]<\/p>\n<p><a href=\"https:\/\/caaplaurentides.org\/\" target=\"_blank\" rel=\"noopener noreferrer\">CAAP \u2013 Laurentides<\/a><\/p>\n<p><a href=\"http:\/\/www.caaplaval.com\" target=\"_blank\" rel=\"noopener noreferrer\">CAAP \u2013 Laval<\/a><\/p>\n<p><a href=\"http:\/\/www.caap-mcq.qc.ca\" target=\"_blank\" rel=\"noopener noreferrer\">CAAP \u2013 Mauricie\/Centre-du-Qu\u00e9bec<\/a><\/p>\n<p><a href=\"http:\/\/caapmonteregie.ca\" target=\"_blank\" rel=\"noopener noreferrer\">CAAP \u2013 Mont\u00e9r\u00e9gie<\/a><\/p>\n<p><a href=\"http:\/\/www.caapjamesie.com\" target=\"_blank\" rel=\"noopener noreferrer\">CAAP \u2013 Nord-du-Qu\u00e9bec (Jam\u00e9sie)<\/a><\/p>\n<p><a href=\"http:\/\/www.caap-outaouais.ca\" target=\"_blank\" rel=\"noopener noreferrer\">CAAP \u2013 Outaouais<\/a><\/p>\n<p><a href=\"http:\/\/www.plaintesante.ca\" target=\"_blank\" rel=\"noopener noreferrer\">CAAP \u2013 Saguenay Lac-Saint-Jean<\/a><\/p>\n<p><a href=\"http:\/\/www.fcaap.ca\" target=\"_blank\" rel=\"noopener noreferrer\">F\u00e9d\u00e9ration des CAAP (FCAAP)<\/a><\/p>\n<p>[\/et_pb_text][\/et_pb_column][\/et_pb_row][\/et_pb_section][et_pb_section fb_built=&#8221;1&#8243; _builder_version=&#8221;4.25.0&#8243; background_color=&#8221;#F1F5F7&#8243; border_radii=&#8221;off|21vw|||&#8221; border_radii_tablet=&#8221;off|21vw|||&#8221; border_radii_phone=&#8221;off|0vw|||&#8221; border_radii_last_edited=&#8221;on|desktop&#8221; global_colors_info=&#8221;{}&#8221;][et_pb_row _builder_version=&#8221;4.16&#8243; background_size=&#8221;initial&#8221; background_position=&#8221;top_left&#8221; background_repeat=&#8221;repeat&#8221; global_colors_info=&#8221;{}&#8221;][et_pb_column type=&#8221;4_4&#8243; _builder_version=&#8221;4.16&#8243; custom_padding=&#8221;|||&#8221; global_colors_info=&#8221;{}&#8221; custom_padding__hover=&#8221;|||&#8221;][et_pb_text _builder_version=&#8221;4.25.0&#8243; text_orientation=&#8221;center&#8221; max_width=&#8221;840px&#8221; max_width_tablet=&#8221;820px&#8221; max_width_phone=&#8221;820px&#8221; max_width_last_edited=&#8221;on|desktop&#8221; module_alignment=&#8221;center&#8221; custom_padding=&#8221;||||false|false&#8221; border_style=&#8221;solid&#8221; global_colors_info=&#8221;{}&#8221;]<\/p>\n<h3><span lang=\"EN-US\">Some community organizations<\/span><\/h3>\n<p><a href=\"https:\/\/www.cisss-gaspesie.gouv.qc.ca\/wp-content\/uploads\/2020\/02\/201808_-_Liste_des_organismes_communautaires.pdf\" target=\"_blank\" rel=\"noopener\">Voir le botin des organismes communautaires de la Gasp\u00e9sie\/\u00eeles-de-la-Madeleine\u00a0reconnus par le Programme de soutien aux organismes communautaires (PSOC)<\/a><\/p>\n<p>[\/et_pb_text][\/et_pb_column][\/et_pb_row][\/et_pb_section][et_pb_section fb_built=&#8221;1&#8243; _builder_version=&#8221;4.25.0&#8243; background_color=&#8221;#FFFFFF&#8221; border_radii_tablet=&#8221;&#8221; border_radii_phone=&#8221;off|0vw|||&#8221; border_radii_last_edited=&#8221;on|desktop&#8221; global_colors_info=&#8221;{}&#8221;][et_pb_row _builder_version=&#8221;4.16&#8243; background_size=&#8221;initial&#8221; background_position=&#8221;top_left&#8221; background_repeat=&#8221;repeat&#8221; global_colors_info=&#8221;{}&#8221;][et_pb_column type=&#8221;4_4&#8243; _builder_version=&#8221;4.16&#8243; custom_padding=&#8221;|||&#8221; global_colors_info=&#8221;{}&#8221; custom_padding__hover=&#8221;|||&#8221;][et_pb_text _builder_version=&#8221;4.25.0&#8243; header_2_text_align=&#8221;center&#8221; header_3_text_align=&#8221;center&#8221; header_3_text_color=&#8221;#ED6B4B&#8221; global_colors_info=&#8221;{}&#8221;]<\/p>\n<h2><span lang=\"EN-US\">Other resources<\/span><\/h2>\n<p>[\/et_pb_text][et_pb_divider _builder_version=&#8221;4.25.0&#8243; _module_preset=&#8221;default&#8221; min_height=&#8221;1px&#8221; global_colors_info=&#8221;{}&#8221;][\/et_pb_divider][\/et_pb_column][\/et_pb_row][et_pb_row column_structure=&#8221;1_2,1_2&#8243; _builder_version=&#8221;4.25.0&#8243; background_size=&#8221;initial&#8221; background_position=&#8221;top_left&#8221; background_repeat=&#8221;repeat&#8221; custom_padding=&#8221;0px||||false|false&#8221; global_colors_info=&#8221;{}&#8221;][et_pb_column type=&#8221;1_2&#8243; _builder_version=&#8221;4.16&#8243; custom_padding=&#8221;|||&#8221; global_colors_info=&#8221;{}&#8221; custom_padding__hover=&#8221;|||&#8221;][et_pb_text _builder_version=&#8221;4.25.1&#8243; header_3_text_color=&#8221;#ED6B4B&#8221; global_colors_info=&#8221;{}&#8221;]<\/p>\n<p><a href=\"http:\/\/www.msss.gouv.qc.ca\" target=\"_blank\" rel=\"noopener noreferrer\">Minist\u00e8re de la Sant\u00e9 et des Services sociaux<\/a> <a href=\"https:\/\/www.cisss-gaspesie.gouv.qc.ca\/%20\" target=\"_blank\" rel=\"noopener noreferrer\">Centre int\u00e9gr\u00e9 de sant\u00e9 et de services sociaux de la Gasp\u00e9sie,<\/a> <a href=\"https:\/\/www.cisssdesiles.com\/\">Centre int\u00e9gr\u00e9 de sant\u00e9 et de services sociaux des \u00eeles-de-la-Madeleine<\/a> <em>includes CLSC, CHSLD, hospitals, Youth centres and Rehabilitation centres<\/em><\/p>\n<h3>Healthcare \u2013 professionals<\/h3>\n<p><a href=\"http:\/\/www.cmq.org\" target=\"_blank\" rel=\"noopener noreferrer\">Coll\u00e8ge des m\u00e9decins du Qu\u00e9bec<\/a> <a href=\"https:\/\/www.oiiq.org\" target=\"_blank\" rel=\"noopener noreferrer\">Ordre des infirmiers et infirmi\u00e8res du Qu\u00e9bec<\/a> <a href=\"https:\/\/www.ordrepsy.qc.ca\" target=\"_blank\" rel=\"noopener noreferrer\">Ordre des psychologues du Qu\u00e9bec<\/a> <a href=\"https:\/\/otstcfq.org\" target=\"_blank\" rel=\"noopener noreferrer\">Ordre des travailleurs sociaux du Qu\u00e9bec<\/a><\/p>\n<p>[\/et_pb_text][\/et_pb_column][et_pb_column type=&#8221;1_2&#8243; _builder_version=&#8221;4.16&#8243; custom_padding=&#8221;|||&#8221; global_colors_info=&#8221;{}&#8221; custom_padding__hover=&#8221;|||&#8221;][et_pb_text _builder_version=&#8221;4.25.0&#8243; header_3_text_color=&#8221;#ED6B4B&#8221; global_colors_info=&#8221;{}&#8221;]<\/p>\n<h3>Rights<\/h3>\n<p><em>Legal aid \u2013 Commission des services juridiques<\/em> <a href=\"http:\/\/www.cdpdj.qc.ca\/fr\/Pages\/default.aspx\" target=\"_blank\" rel=\"noopener noreferrer\">Commission des droits de la personne et des droits de la jeunesse,<\/a> <a href=\"http:\/\/www.cai.gouv.qc.ca\" target=\"_blank\" rel=\"noopener noreferrer\">Commission d\u2019acc\u00e8s \u00e0 l\u2019information du Qu\u00e9bec,<\/a> <a href=\"https:\/\/protecteurducitoyen.qc.ca\" target=\"_blank\" rel=\"noopener noreferrer\">Protecteur du citoyen <\/a> \u00a0<\/p>\n<h3>Inaptitude<\/h3>\n<p><a href=\"http:\/\/www.curateur.gouv.qc.ca\/cura\/fr\/index.html\" target=\"_blank\" rel=\"noopener noreferrer\">Le Curateur public du Qu\u00e9bec<\/a> \u00a0<\/p>\n<h3>Information for citizens<\/h3>\n<p><a href=\"https:\/\/www.quebec.ca\" target=\"_blank\" rel=\"noopener noreferrer\">Services Qu\u00e9bec<\/a><\/p>\n<p>[\/et_pb_text][\/et_pb_column][\/et_pb_row][\/et_pb_section]<\/p>\n","protected":false},"excerpt":{"rendered":"<p>CAAPs in QuebecToll-free numbers :CAAP \u2013 Abitibi-T\u00e9miscamingue CAAP \u2013 Bas-Saint-Laurent CAAP \u2013 Capitale\u2013 Nationale CAAP \u2013 Chaudi\u00e8re-Appalaches CAAP \u2013 C\u00f4te-Nord CAAP \u2013 Estrie CAAP \u2013 Gasp\u00e9sie \u2013 \u00celes-de-la-Madeleine CAAP \u2013 \u00cele de Montr\u00e9al CAAP \u2013 Lanaudi\u00e8re CAAP \u2013 Laurentides CAAP \u2013 Laval CAAP \u2013 Mauricie\/Centre-du-Qu\u00e9bec CAAP \u2013 Mont\u00e9r\u00e9gie CAAP \u2013 Nord-du-Qu\u00e9bec (Jam\u00e9sie) CAAP \u2013 Outaouais [&hellip;]<\/p>\n","protected":false},"author":6,"featured_media":0,"parent":0,"menu_order":0,"comment_status":"closed","ping_status":"closed","template":"","meta":{"_et_pb_use_builder":"on","_et_pb_old_content":"","_et_gb_content_width":"","footnotes":""},"class_list":["post-2847","page","type-page","status-publish","hentry"],"_links":{"self":[{"href":"https:\/\/www.caapgim.com\/en\/wp-json\/wp\/v2\/pages\/2847","targetHints":{"allow":["GET"]}}],"collection":[{"href":"https:\/\/www.caapgim.com\/en\/wp-json\/wp\/v2\/pages"}],"about":[{"href":"https:\/\/www.caapgim.com\/en\/wp-json\/wp\/v2\/types\/page"}],"author":[{"embeddable":true,"href":"https:\/\/www.caapgim.com\/en\/wp-json\/wp\/v2\/users\/6"}],"replies":[{"embeddable":true,"href":"https:\/\/www.caapgim.com\/en\/wp-json\/wp\/v2\/comments?post=2847"}],"version-history":[{"count":17,"href":"https:\/\/www.caapgim.com\/en\/wp-json\/wp\/v2\/pages\/2847\/revisions"}],"predecessor-version":[{"id":3277,"href":"https:\/\/www.caapgim.com\/en\/wp-json\/wp\/v2\/pages\/2847\/revisions\/3277"}],"wp:attachment":[{"href":"https:\/\/www.caapgim.com\/en\/wp-json\/wp\/v2\/media?parent=2847"}],"curies":[{"name":"wp","href":"https:\/\/api.w.org\/{rel}","templated":true}]}}