{"id":2859,"date":"2024-06-04T10:28:12","date_gmt":"2024-06-04T14:28:12","guid":{"rendered":"https:\/\/www.caapgim.com\/politique-de-confidentialite-et-de-protection-des-renseignements-personnels\/"},"modified":"2024-06-04T12:02:36","modified_gmt":"2024-06-04T16:02:36","slug":"politique-de-confidentialite-et-de-protection-des-renseignements-personnels","status":"publish","type":"page","link":"https:\/\/www.caapgim.com\/en\/politique-de-confidentialite-et-de-protection-des-renseignements-personnels\/","title":{"rendered":"Politique de confidentialit\u00e9 et de protection des renseignements personnels"},"content":{"rendered":"<p>[et_pb_section fb_built=&#8221;1&#8243; custom_padding_last_edited=&#8221;on|desktop&#8221; _builder_version=&#8221;4.25.0&#8243; _module_preset=&#8221;default&#8221; background_color=&#8221;#78cade&#8221; use_background_color_gradient=&#8221;on&#8221; background_color_gradient_direction=&#8221;90deg&#8221; background_color_gradient_stops=&#8221;#1b4984 0%|#78cade 76%&#8221; custom_padding=&#8221;4%||3%||false|false&#8221; custom_padding_tablet=&#8221;4%||3%||false|false&#8221; custom_padding_phone=&#8221;4%||3%||false|false&#8221; global_colors_info=&#8221;{}&#8221; theme_builder_area=&#8221;post_content&#8221;][et_pb_row _builder_version=&#8221;4.25.0&#8243; _module_preset=&#8221;default&#8221; global_colors_info=&#8221;{}&#8221; theme_builder_area=&#8221;post_content&#8221;][et_pb_column type=&#8221;4_4&#8243; _builder_version=&#8221;4.25.0&#8243; _module_preset=&#8221;default&#8221; global_colors_info=&#8221;{}&#8221; theme_builder_area=&#8221;post_content&#8221;][et_pb_post_title meta=&#8221;off&#8221; featured_image=&#8221;off&#8221; _builder_version=&#8221;4.25.0&#8243; _module_preset=&#8221;default&#8221; title_font=&#8221;|700|||||||&#8221; title_text_align=&#8221;center&#8221; title_text_color=&#8221;#FFFFFF&#8221; title_font_size_tablet=&#8221;35px&#8221; title_font_size_phone=&#8221;25px&#8221; title_font_size_last_edited=&#8221;on|phone&#8221; global_colors_info=&#8221;{}&#8221; theme_builder_area=&#8221;post_content&#8221;][\/et_pb_post_title][\/et_pb_column][\/et_pb_row][\/et_pb_section][et_pb_section fb_built=&#8221;1&#8243; _builder_version=&#8221;4.25.0&#8243; background_color=&#8221;#FFFFFF&#8221; custom_padding=&#8221;|||0px||&#8221; border_radii=&#8221;off||21vw||&#8221; global_colors_info=&#8221;{}&#8221; theme_builder_area=&#8221;post_content&#8221;][et_pb_row _builder_version=&#8221;4.24.0&#8243; global_colors_info=&#8221;{}&#8221; theme_builder_area=&#8221;post_content&#8221;][et_pb_column type=&#8221;4_4&#8243; _builder_version=&#8221;4.16&#8243; custom_padding=&#8221;|||&#8221; global_colors_info=&#8221;{}&#8221; custom_padding__hover=&#8221;|||&#8221; theme_builder_area=&#8221;post_content&#8221;][et_pb_text _builder_version=&#8221;4.25.0&#8243; header_3_font_size=&#8221;20px&#8221; header_3_line_height=&#8221;1.2em&#8221; custom_margin=&#8221;||5px||false|false&#8221; global_colors_info=&#8221;{}&#8221; theme_builder_area=&#8221;post_content&#8221;]<\/p>\n<h3>Responsable de la protection des renseignements personnels<\/h3>\n<p>[\/et_pb_text][et_pb_text _builder_version=&#8221;4.25.0&#8243; header_3_font_size=&#8221;25px&#8221; header_3_line_height=&#8221;1.2em&#8221; global_colors_info=&#8221;{}&#8221; theme_builder_area=&#8221;post_content&#8221;]<\/p>\n<p style=\"text-align: left;\"><strong>G\u00e9rald O\u2019Connor<\/strong><br \/>directeur g\u00e9n\u00e9ral par int\u00e9rim\u00a0CAAP-G\u00ceM<br \/>11, rue de la Cath\u00e9drale, bureau 201,\u00a0Gasp\u00e9, (Qu\u00e9bec), G4X 2V9<br \/><strong>T\u00e9l\u00e9phone<\/strong> :\u00a0 418 368-7433 ; sans frais :\u00a0 1 877 767-2227<br \/><strong>Courriel<\/strong>:\u00a0\u00a0gerald.oconnor@caap.gim.com<\/p>\n<p>[\/et_pb_text][et_pb_text _builder_version=&#8221;4.25.0&#8243; header_3_font_size=&#8221;20px&#8221; header_3_line_height=&#8221;1.2em&#8221; custom_margin=&#8221;||5px||false|false&#8221; global_colors_info=&#8221;{}&#8221; theme_builder_area=&#8221;post_content&#8221;]<\/p>\n<h3>Le respect de vos droits en mati\u00e8re de protection des renseignements personnels<\/h3>\n<p>[\/et_pb_text][et_pb_text _builder_version=&#8221;4.25.1&#8243; _module_preset=&#8221;default&#8221; hover_enabled=&#8221;0&#8243; global_colors_info=&#8221;{}&#8221; theme_builder_area=&#8221;post_content&#8221; sticky_enabled=&#8221;0&#8243;]<\/p>\n<p>Porter plainte ou encore demander notre assistance pour que soit facilit\u00e9 le r\u00e8glement d\u2019une situation, c\u2019est une d\u00e9marche confidentielle! Au Centre d\u2019assistance et d\u2019accompagnement aux plaintes Gasp\u00e9sie-\u00celes-de-la-Madeleine (CAAP-G\u00ceM), nous y veillons!<\/p>\n<p>Depuis son implantation il y a pr\u00e8s de 30 ans, le CAAP-G\u00ceM a d\u00e9velopp\u00e9 des fa\u00e7ons de faire et mis en place une politique et des pratiques rigoureuses en mati\u00e8re de protection des renseignements personnels et d\u2019acc\u00e8s au dossier assurant la confidentialit\u00e9 des informations que nous livrent les personnes qui font appel \u00e0 nos services. Cette politique a \u00e9t\u00e9 r\u00e9vis\u00e9e au cours des derniers mois en tenant compte de nouvelles dispositions r\u00e9cemment adopt\u00e9es par le l\u00e9gislateur, dont l\u2019obligation pour les organismes et entreprises de diffuser leur politique sur leur site internet. Il nous fait donc plaisir de vous pr\u00e9senter notre\u00a0<span style=\"text-decoration: underline;\"><strong><a href=\"https:\/\/www.caapgim.com\/wp-content\/uploads\/2024\/02\/Politique_confidentialite_protection_renseignements-perso.-2024-02-28.pdf\" target=\"_blank\" rel=\"noopener\" title=\"Politique de confidentialit\u00e9 et de protection des renseignements personnels\">Politique de confidentialit\u00e9 et de protection des renseignements personnels<\/a><\/strong><\/span>.<\/p>\n<p>Le respect de la confidentialit\u00e9 des informations qui nous sont partag\u00e9es est, en tout temps, notre engagement premier et notre politique contribue \u00e0 en rappeler l\u2019importance. N\u2019h\u00e9sitez-pas \u00e0 nous contacter pour toute question s\u2019y rapportant. Bonne lecture!<\/p>\n<p>[\/et_pb_text][et_pb_button button_url=&#8221;https:\/\/www.caapgim.com\/wp-content\/uploads\/2024\/02\/Politique_confidentialite_protection_renseignements-perso.-2024-02-28.pdf&#8221; button_text=&#8221;Voir la politique de confidentialit\u00e9&#8221; _builder_version=&#8221;4.25.1&#8243; hover_enabled=&#8221;0&#8243; global_colors_info=&#8221;{}&#8221; button_text_size__hover_enabled=&#8221;off&#8221; button_one_text_size__hover_enabled=&#8221;off&#8221; button_two_text_size__hover_enabled=&#8221;off&#8221; button_text_color__hover_enabled=&#8221;off&#8221; button_one_text_color__hover_enabled=&#8221;off&#8221; button_two_text_color__hover_enabled=&#8221;off&#8221; button_border_width__hover_enabled=&#8221;off&#8221; button_one_border_width__hover_enabled=&#8221;off&#8221; button_two_border_width__hover_enabled=&#8221;off&#8221; button_border_color__hover_enabled=&#8221;off&#8221; button_one_border_color__hover_enabled=&#8221;off&#8221; button_two_border_color__hover_enabled=&#8221;off&#8221; button_border_radius__hover_enabled=&#8221;off&#8221; button_one_border_radius__hover_enabled=&#8221;off&#8221; button_two_border_radius__hover_enabled=&#8221;off&#8221; button_letter_spacing__hover_enabled=&#8221;off&#8221; button_one_letter_spacing__hover_enabled=&#8221;off&#8221; button_two_letter_spacing__hover_enabled=&#8221;off&#8221; button_bg_color__hover_enabled=&#8221;off&#8221; button_one_bg_color__hover_enabled=&#8221;off&#8221; button_two_bg_color__hover_enabled=&#8221;off&#8221; theme_builder_area=&#8221;post_content&#8221; sticky_enabled=&#8221;0&#8243; url_new_window=&#8221;on&#8221;][\/et_pb_button][\/et_pb_column][\/et_pb_row][\/et_pb_section]<\/p>\n","protected":false},"excerpt":{"rendered":"<p>Responsable de la protection des renseignements personnelsG\u00e9rald O\u2019Connordirecteur g\u00e9n\u00e9ral par int\u00e9rim\u00a0CAAP-G\u00ceM11, rue de la Cath\u00e9drale, bureau 201,\u00a0Gasp\u00e9, (Qu\u00e9bec), G4X 2V9T\u00e9l\u00e9phone :\u00a0 418 368-7433 ; sans frais :\u00a0 1 877 767-2227Courriel:\u00a0\u00a0gerald.oconnor@caap.gim.comLe respect de vos droits en mati\u00e8re de protection des renseignements personnelsPorter plainte ou encore demander notre assistance pour que soit facilit\u00e9 le r\u00e8glement d\u2019une situation, [&hellip;]<\/p>\n","protected":false},"author":6,"featured_media":0,"parent":0,"menu_order":0,"comment_status":"closed","ping_status":"closed","template":"","meta":{"_et_pb_use_builder":"on","_et_pb_old_content":"","_et_gb_content_width":"","footnotes":""},"class_list":["post-2859","page","type-page","status-publish","hentry"],"_links":{"self":[{"href":"https:\/\/www.caapgim.com\/en\/wp-json\/wp\/v2\/pages\/2859","targetHints":{"allow":["GET"]}}],"collection":[{"href":"https:\/\/www.caapgim.com\/en\/wp-json\/wp\/v2\/pages"}],"about":[{"href":"https:\/\/www.caapgim.com\/en\/wp-json\/wp\/v2\/types\/page"}],"author":[{"embeddable":true,"href":"https:\/\/www.caapgim.com\/en\/wp-json\/wp\/v2\/users\/6"}],"replies":[{"embeddable":true,"href":"https:\/\/www.caapgim.com\/en\/wp-json\/wp\/v2\/comments?post=2859"}],"version-history":[{"count":5,"href":"https:\/\/www.caapgim.com\/en\/wp-json\/wp\/v2\/pages\/2859\/revisions"}],"predecessor-version":[{"id":2864,"href":"https:\/\/www.caapgim.com\/en\/wp-json\/wp\/v2\/pages\/2859\/revisions\/2864"}],"wp:attachment":[{"href":"https:\/\/www.caapgim.com\/en\/wp-json\/wp\/v2\/media?parent=2859"}],"curies":[{"name":"wp","href":"https:\/\/api.w.org\/{rel}","templated":true}]}}